{"id":41,"date":"2019-06-17T17:44:52","date_gmt":"2019-06-17T15:44:52","guid":{"rendered":"https:\/\/www.api.de\/intellinet\/?page_id=41"},"modified":"2019-12-02T11:31:28","modified_gmt":"2019-12-02T10:31:28","slug":"ueber-intellinet","status":"publish","type":"page","link":"https:\/\/www.api.de\/intellinet\/ueber-intellinet\/","title":{"rendered":"\u00dcber Intellinet"},"content":{"rendered":"\t\t<div data-elementor-type=\"wp-page\" data-elementor-id=\"41\" class=\"elementor elementor-41\" data-elementor-post-type=\"page\">\n\t\t\t\t\t\t<section class=\"elementor-section elementor-top-section elementor-element elementor-element-181fbcff elementor-section-full_width elementor-section-height-min-height elementor-section-items-stretch elementor-section-content-middle elementor-section-height-default\" data-id=\"181fbcff\" data-element_type=\"section\" data-e-type=\"section\" data-settings=\"{&quot;background_background&quot;:&quot;classic&quot;}\">\n\t\t\t\t\t\t\t<div class=\"elementor-background-overlay\"><\/div>\n\t\t\t\t\t\t\t<div class=\"elementor-container elementor-column-gap-no\">\n\t\t\t\t\t<div class=\"elementor-column elementor-col-50 elementor-top-column elementor-element elementor-element-299f5d75\" data-id=\"299f5d75\" data-element_type=\"column\" data-e-type=\"column\" data-settings=\"{&quot;background_background&quot;:&quot;classic&quot;}\">\n\t\t\t<div class=\"elementor-widget-wrap elementor-element-populated\">\n\t\t\t\t\t\t<div class=\"elementor-element elementor-element-46ff838 elementor-widget elementor-widget-image\" data-id=\"46ff838\" data-element_type=\"widget\" data-e-type=\"widget\" data-widget_type=\"image.default\">\n\t\t\t\t<div class=\"elementor-widget-container\">\n\t\t\t\t\t\t\t\t\t\t\t\t\t\t\t<img fetchpriority=\"high\" decoding=\"async\" width=\"351\" height=\"1024\" src=\"https:\/\/www.api.de\/intellinet\/wp-content\/uploads\/2019\/11\/poe-2-2-351x1024.png\" class=\"attachment-large size-large wp-image-146\" alt=\"\" srcset=\"https:\/\/www.api.de\/intellinet\/wp-content\/uploads\/2019\/11\/poe-2-2-351x1024.png 351w, https:\/\/www.api.de\/intellinet\/wp-content\/uploads\/2019\/11\/poe-2-2-103x300.png 103w, https:\/\/www.api.de\/intellinet\/wp-content\/uploads\/2019\/11\/poe-2-2.png 600w\" sizes=\"(max-width: 351px) 100vw, 351px\" \/>\t\t\t\t\t\t\t\t\t\t\t\t\t\t\t<\/div>\n\t\t\t\t<\/div>\n\t\t\t\t\t<\/div>\n\t\t<\/div>\n\t\t\t\t<div class=\"elementor-column elementor-col-50 elementor-top-column elementor-element elementor-element-5cfc895e\" data-id=\"5cfc895e\" data-element_type=\"column\" data-e-type=\"column\" data-settings=\"{&quot;background_background&quot;:&quot;classic&quot;}\">\n\t\t\t<div class=\"elementor-widget-wrap elementor-element-populated\">\n\t\t\t\t\t\t<div class=\"elementor-element elementor-element-116a26fa elementor-widget elementor-widget-heading\" data-id=\"116a26fa\" data-element_type=\"widget\" data-e-type=\"widget\" data-widget_type=\"heading.default\">\n\t\t\t\t<div class=\"elementor-widget-container\">\n\t\t\t\t\t<h2 class=\"elementor-heading-title elementor-size-default\">\u00dcber Intellinet<\/h2>\t\t\t\t<\/div>\n\t\t\t\t<\/div>\n\t\t\t\t<section class=\"elementor-section elementor-inner-section elementor-element elementor-element-279e5e94 elementor-section-full_width elementor-section-height-default elementor-section-height-default\" data-id=\"279e5e94\" data-element_type=\"section\" data-e-type=\"section\">\n\t\t\t\t\t\t<div class=\"elementor-container elementor-column-gap-default\">\n\t\t\t\t\t<div class=\"elementor-column elementor-col-100 elementor-inner-column elementor-element elementor-element-1257272\" data-id=\"1257272\" data-element_type=\"column\" data-e-type=\"column\">\n\t\t\t<div class=\"elementor-widget-wrap elementor-element-populated\">\n\t\t\t\t\t\t<div class=\"elementor-element elementor-element-4595a62 elementor-widget elementor-widget-heading\" data-id=\"4595a62\" data-element_type=\"widget\" data-e-type=\"widget\" data-widget_type=\"heading.default\">\n\t\t\t\t<div class=\"elementor-widget-container\">\n\t\t\t\t\t<h2 class=\"elementor-heading-title elementor-size-default\">Intellinet Network Solutions ist Ihr Spezialist f\u00fcr aktive  und passive Netzwerkkomponenten. Das umfassende Sortiment bietet Fachh\u00e4ndlern, Installateuren sowie kleinen bis mittleren Unternehmen alle Komponenten f\u00fcr ein leistungsstarkes, sicheres und zuverl\u00e4ssiges Netzwerk.<\/h2>\t\t\t\t<\/div>\n\t\t\t\t<\/div>\n\t\t\t\t<div class=\"elementor-element elementor-element-2a7f0b4 elementor-widget elementor-widget-heading\" data-id=\"2a7f0b4\" data-element_type=\"widget\" data-e-type=\"widget\" data-widget_type=\"heading.default\">\n\t\t\t\t<div class=\"elementor-widget-container\">\n\t\t\t\t\t<h2 class=\"elementor-heading-title elementor-size-default\">Von Netzwerkkabeln in zahlreichen  Varianten bis zu einem umfangreichen Server- und Netzwerkschranksortiment mit hochwertiger Verarbeitung, hoher Verf\u00fcgbarkeit sowie komplettem Zubeh\u00f6rpaket bieten wir Ihnen eine Netzwerkvollausstattung aus einer Hand.<br><br>Bei den aktiven Komponenten ist Intellinet im PoE-Sortiment besonders gut aufgestellt. Unsere Injektoren, Extender, Splitter und Switche mit starken PoE-Budgets bieten Ihnen ein exzellentes Preisleistungsverh\u00e4ltnis.<br><br><b>Intellinet bietet f\u00fcr Ihren Netzwerkbedarf die passende L\u00f6sung und mit ihrer Marke \u00fcber 30 Jahre Erfahrung.<\/b><\/h2>\t\t\t\t<\/div>\n\t\t\t\t<\/div>\n\t\t\t\t<div class=\"elementor-element elementor-element-a4ea629 elementor-widget elementor-widget-spacer\" data-id=\"a4ea629\" data-element_type=\"widget\" data-e-type=\"widget\" data-widget_type=\"spacer.default\">\n\t\t\t\t<div class=\"elementor-widget-container\">\n\t\t\t\t\t\t\t<div class=\"elementor-spacer\">\n\t\t\t<div class=\"elementor-spacer-inner\"><\/div>\n\t\t<\/div>\n\t\t\t\t\t\t<\/div>\n\t\t\t\t<\/div>\n\t\t\t\t<div class=\"elementor-element elementor-element-c9cccdc elementor-widget elementor-widget-button\" data-id=\"c9cccdc\" data-element_type=\"widget\" data-e-type=\"widget\" data-widget_type=\"button.default\">\n\t\t\t\t<div class=\"elementor-widget-container\">\n\t\t\t\t\t\t\t\t\t<div class=\"elementor-button-wrapper\">\n\t\t\t\t\t<a class=\"elementor-button elementor-button-link elementor-size-md\" href=\"https:\/\/shop.api.de\/#\/search\/%257B%2522query%2522:%2522%2522,%2522supplierRestrictions%2522:%255B%2522Intellinet%2522%255D,%2522categoryRestriction%2522:null,%2522orderBy%2522:%2522title_asc%2522,%2522filter%2522:%255B%2522avail%2522,%2522zulauf%2522,%2522anfrage%2522,%2522project%2522,%2522esd%2522%255D,%2522minPrice%2522:0,%2522maxPrice%2522:999999,%2522extraPage%2522:null%257D\" target=\"_blank\" rel=\"noopener\">\n\t\t\t\t\t\t<span class=\"elementor-button-content-wrapper\">\n\t\t\t\t\t\t\t\t\t<span class=\"elementor-button-text\">zum api Webshop<\/span>\n\t\t\t\t\t<\/span>\n\t\t\t\t\t<\/a>\n\t\t\t\t<\/div>\n\t\t\t\t\t\t\t\t<\/div>\n\t\t\t\t<\/div>\n\t\t\t\t\t<\/div>\n\t\t<\/div>\n\t\t\t\t\t<\/div>\n\t\t<\/section>\n\t\t\t\t\t<\/div>\n\t\t<\/div>\n\t\t\t\t\t<\/div>\n\t\t<\/section>\n\t\t\t\t<\/div>\n\t\t","protected":false},"excerpt":{"rendered":"<p>\u00dcber Intellinet Intellinet Network Solutions ist Ihr Spezialist f\u00fcr aktive und passive Netzwerkkomponenten. Das umfassende Sortiment bietet Fachh\u00e4ndlern, Installateuren sowie kleinen bis mittleren Unternehmen alle Komponenten f\u00fcr ein leistungsstarkes, sicheres und zuverl\u00e4ssiges Netzwerk. Von Netzwerkkabeln in zahlreichen Varianten bis zu einem umfangreichen Server- und Netzwerkschranksortiment mit hochwertiger Verarbeitung, hoher Verf\u00fcgbarkeit sowie komplettem Zubeh\u00f6rpaket bieten wir<a class=\"moretag\" href=\"https:\/\/www.api.de\/intellinet\/ueber-intellinet\/\"><span class=\"screen-reader-text\">Read more about \u00dcber Intellinet<\/span>[&#8230;]<\/a><\/p>\n","protected":false},"author":3,"featured_media":0,"parent":0,"menu_order":0,"comment_status":"closed","ping_status":"closed","template":"template-fullwidth-no-title.php","meta":{"footnotes":""},"class_list":["post-41","page","type-page","status-publish","hentry"],"_links":{"self":[{"href":"https:\/\/www.api.de\/intellinet\/wp-json\/wp\/v2\/pages\/41","targetHints":{"allow":["GET"]}}],"collection":[{"href":"https:\/\/www.api.de\/intellinet\/wp-json\/wp\/v2\/pages"}],"about":[{"href":"https:\/\/www.api.de\/intellinet\/wp-json\/wp\/v2\/types\/page"}],"author":[{"embeddable":true,"href":"https:\/\/www.api.de\/intellinet\/wp-json\/wp\/v2\/users\/3"}],"replies":[{"embeddable":true,"href":"https:\/\/www.api.de\/intellinet\/wp-json\/wp\/v2\/comments?post=41"}],"version-history":[{"count":0,"href":"https:\/\/www.api.de\/intellinet\/wp-json\/wp\/v2\/pages\/41\/revisions"}],"wp:attachment":[{"href":"https:\/\/www.api.de\/intellinet\/wp-json\/wp\/v2\/media?parent=41"}],"curies":[{"name":"wp","href":"https:\/\/api.w.org\/{rel}","templated":true}]}}